{"id":22,"date":"2025-05-02T07:58:38","date_gmt":"2025-05-02T07:58:38","guid":{"rendered":"https:\/\/www.kurtendustriyel.com\/1\/?page_id=22"},"modified":"2025-05-02T13:06:04","modified_gmt":"2025-05-02T13:06:04","slug":"uretim","status":"publish","type":"page","link":"https:\/\/www.kurtendustriyel.com\/1\/?page_id=22","title":{"rendered":"\u00dcretim"},"content":{"rendered":"\t\t<div data-elementor-type=\"wp-page\" data-elementor-id=\"22\" class=\"elementor elementor-22\">\n\t\t\t\t<div class=\"elementor-element elementor-element-00005b9 e-flex e-con-boxed e-con e-parent\" data-id=\"00005b9\" data-element_type=\"container\">\n\t\t\t\t\t<div class=\"e-con-inner\">\n\t\t<div class=\"elementor-element elementor-element-e894242 e-con-full e-flex e-con e-child\" data-id=\"e894242\" data-element_type=\"container\">\n\t\t\t\t<div class=\"elementor-element elementor-element-ac8b005 elementor-widget elementor-widget-text-editor\" data-id=\"ac8b005\" data-element_type=\"widget\" data-widget_type=\"text-editor.default\">\n\t\t\t\t<div class=\"elementor-widget-container\">\n\t\t\t\t\t\t\t\t\t<p><strong>\u00d6zelle\u015ftirilmi\u015f Makine \u00c7\u00f6z\u00fcmleri<\/strong><\/p><p>M\u00fc\u015fterilerimizin ihtiya\u00e7lar\u0131na \u00f6zel olarak tasarlanm\u0131\u015f makine \u00e7\u00f6z\u00fcmleri sunuyoruz. Y\u00fcksek kaliteli malzemeler ve son teknoloji ekipman kullanarak, her projeyi en iyi \u015fekilde ger\u00e7ekle\u015ftirmeyi hedefliyoruz. \u0130ster k\u00fc\u00e7\u00fck ister b\u00fcy\u00fck \u00e7apl\u0131 olsun, ihtiya\u00e7lar\u0131n\u0131za uygun \u00fcr\u00fcnler geli\u015ftirmek i\u00e7in buraday\u0131z.<\/p>\t\t\t\t\t\t\t\t<\/div>\n\t\t\t\t<\/div>\n\t\t\t\t<\/div>\n\t\t<div class=\"elementor-element elementor-element-27bed59 e-con-full e-flex e-con e-child\" data-id=\"27bed59\" data-element_type=\"container\">\n\t\t\t\t<div class=\"elementor-element elementor-element-e69667b elementor-widget elementor-widget-image\" data-id=\"e69667b\" data-element_type=\"widget\" data-widget_type=\"image.default\">\n\t\t\t\t<div class=\"elementor-widget-container\">\n\t\t\t\t\t\t\t\t\t\t\t\t\t\t\t<img fetchpriority=\"high\" decoding=\"async\" width=\"768\" height=\"478\" src=\"https:\/\/www.kurtendustriyel.com\/1\/wp-content\/uploads\/2025\/05\/5-768x478.jpg\" class=\"attachment-medium_large size-medium_large wp-image-15\" alt=\"\" srcset=\"https:\/\/www.kurtendustriyel.com\/1\/wp-content\/uploads\/2025\/05\/5-768x478.jpg 768w, https:\/\/www.kurtendustriyel.com\/1\/wp-content\/uploads\/2025\/05\/5-300x187.jpg 300w, https:\/\/www.kurtendustriyel.com\/1\/wp-content\/uploads\/2025\/05\/5-1024x637.jpg 1024w, https:\/\/www.kurtendustriyel.com\/1\/wp-content\/uploads\/2025\/05\/5.jpg 1255w\" sizes=\"(max-width: 768px) 100vw, 768px\" \/>\t\t\t\t\t\t\t\t\t\t\t\t\t\t\t<\/div>\n\t\t\t\t<\/div>\n\t\t\t\t<\/div>\n\t\t<div class=\"elementor-element elementor-element-56842f3 e-con-full e-flex e-con e-child\" data-id=\"56842f3\" data-element_type=\"container\">\n\t\t\t\t<div class=\"elementor-element elementor-element-87ed4b8 elementor-widget elementor-widget-text-editor\" data-id=\"87ed4b8\" data-element_type=\"widget\" data-widget_type=\"text-editor.default\">\n\t\t\t\t<div class=\"elementor-widget-container\">\n\t\t\t\t\t\t\t\t\t<p><strong>Geli\u015fmi\u015f Teknoloji Kullan\u0131m\u0131<\/strong><\/p><p>\u00dcretim s\u00fcre\u00e7lerimizde en son teknolojiyi kullanarak, verimlili\u011fi art\u0131rmay\u0131 ve maliyetleri d\u00fc\u015f\u00fcrmeyi hedefliyoruz. Otomasyon sistemleri ve dijital \u00e7\u00f6z\u00fcmler ile s\u00fcre\u00e7lerimizi optimize ediyoruz. B\u00f6ylece, m\u00fc\u015fterilerimize daha h\u0131zl\u0131 ve kaliteli hizmet sunabiliyoruz.<\/p>\t\t\t\t\t\t\t\t<\/div>\n\t\t\t\t<\/div>\n\t\t\t\t<\/div>\n\t\t<div class=\"elementor-element elementor-element-5ca4e72 e-con-full e-flex e-con e-child\" data-id=\"5ca4e72\" data-element_type=\"container\">\n\t\t\t\t<div class=\"elementor-element elementor-element-95b8c1e elementor-widget elementor-widget-text-editor\" data-id=\"95b8c1e\" data-element_type=\"widget\" data-widget_type=\"text-editor.default\">\n\t\t\t\t<div class=\"elementor-widget-container\">\n\t\t\t\t\t\t\t\t\t<p><strong>H\u0131zl\u0131 ve G\u00fcvenilir Teslimat<\/strong><\/p><p>M\u00fc\u015fterilerimizin zaman\u0131na de\u011fer veriyoruz. \u00dcr\u00fcnlerimizi h\u0131zl\u0131 ve g\u00fcvenilir bir \u015fekilde teslim etmek i\u00e7in etkili lojistik \u00e7\u00f6z\u00fcmleri kullan\u0131yoruz. Her sipari\u015fi zaman\u0131nda ve eksiksiz teslim etmeyi garanti ediyoruz, b\u00f6ylece i\u015f s\u00fcre\u00e7lerinizi aksatmadan devam ettirebilirsiniz.<\/p>\t\t\t\t\t\t\t\t<\/div>\n\t\t\t\t<\/div>\n\t\t\t\t<\/div>\n\t\t<div class=\"elementor-element elementor-element-8ded29f e-con-full e-flex e-con e-child\" data-id=\"8ded29f\" data-element_type=\"container\">\n\t\t\t\t<div class=\"elementor-element elementor-element-fa9835b elementor-widget elementor-widget-image\" data-id=\"fa9835b\" data-element_type=\"widget\" data-widget_type=\"image.default\">\n\t\t\t\t<div class=\"elementor-widget-container\">\n\t\t\t\t\t\t\t\t\t\t\t\t\t\t\t<img decoding=\"async\" width=\"336\" height=\"280\" src=\"https:\/\/www.kurtendustriyel.com\/1\/wp-content\/uploads\/2025\/05\/Rotary_Punch_Animation.gif\" class=\"attachment-medium_large size-medium_large wp-image-35\" alt=\"\" \/>\t\t\t\t\t\t\t\t\t\t\t\t\t\t\t<\/div>\n\t\t\t\t<\/div>\n\t\t\t\t<\/div>\n\t\t<div class=\"elementor-element elementor-element-28088be e-con-full e-flex e-con e-child\" data-id=\"28088be\" data-element_type=\"container\">\n\t\t\t\t<div class=\"elementor-element elementor-element-72d35e4 elementor-widget elementor-widget-text-editor\" data-id=\"72d35e4\" data-element_type=\"widget\" data-widget_type=\"text-editor.default\">\n\t\t\t\t<div class=\"elementor-widget-container\">\n\t\t\t\t\t\t\t\t\t<p><strong>Kalite Kontrol S\u00fcre\u00e7leri<\/strong><\/p><p>\u00dcr\u00fcnlerimizin kalitesini sa\u011flamak i\u00e7in titiz kalite kontrol s\u00fcre\u00e7leri uyguluyoruz. Her a\u015famada detayl\u0131 inceleme ve testler yaparak, en y\u00fcksek standartlara ula\u015fmay\u0131 hedefliyoruz. M\u00fc\u015fteri memnuniyetini \u00f6nceli\u011fimiz olarak kabul ediyoruz ve bu hedef do\u011frultusunda \u00e7al\u0131\u015f\u0131yoruz.<\/p>\t\t\t\t\t\t\t\t<\/div>\n\t\t\t\t<\/div>\n\t\t\t\t<\/div>\n\t\t<div class=\"elementor-element elementor-element-2946531 e-con-full e-flex e-con e-child\" data-id=\"2946531\" data-element_type=\"container\">\n\t\t\t\t<div class=\"elementor-element elementor-element-5efcf08 elementor-widget elementor-widget-text-editor\" data-id=\"5efcf08\" data-element_type=\"widget\" data-widget_type=\"text-editor.default\">\n\t\t\t\t<div class=\"elementor-widget-container\">\n\t\t\t\t\t\t\t\t\t<p><strong>S\u00fcrd\u00fcr\u00fclebilir \u00dcretim Yakla\u015f\u0131mlar\u0131<\/strong><\/p><p>\u00c7evre dostu \u00fcretim y\u00f6ntemleri ile s\u00fcrd\u00fcr\u00fclebilir bir gelecek i\u00e7in \u00e7al\u0131\u015f\u0131yoruz. Enerji verimlili\u011fi ve at\u0131k y\u00f6netimi konular\u0131nda s\u00fcrekli iyile\u015ftirmeler yaparak, hem do\u011faya hem de ekonomiye katk\u0131da bulunmay\u0131 ama\u00e7l\u0131yoruz. Gelece\u011fimizi korumak i\u00e7in \u00fczerimize d\u00fc\u015feni yap\u0131yoruz<\/p>\t\t\t\t\t\t\t\t<\/div>\n\t\t\t\t<\/div>\n\t\t\t\t<\/div>\n\t\t<div class=\"elementor-element elementor-element-2da0dbe e-con-full e-flex e-con e-child\" data-id=\"2da0dbe\" data-element_type=\"container\">\n\t\t\t\t<div class=\"elementor-element elementor-element-2ac344d elementor-widget elementor-widget-image\" data-id=\"2ac344d\" data-element_type=\"widget\" data-widget_type=\"image.default\">\n\t\t\t\t<div class=\"elementor-widget-container\">\n\t\t\t\t\t\t\t\t\t\t\t\t\t\t\t<img decoding=\"async\" width=\"906\" height=\"607\" src=\"https:\/\/www.kurtendustriyel.com\/1\/wp-content\/uploads\/2025\/05\/kalite.webp\" class=\"attachment-large size-large wp-image-138\" alt=\"\" srcset=\"https:\/\/www.kurtendustriyel.com\/1\/wp-content\/uploads\/2025\/05\/kalite.webp 906w, https:\/\/www.kurtendustriyel.com\/1\/wp-content\/uploads\/2025\/05\/kalite-300x201.webp 300w, https:\/\/www.kurtendustriyel.com\/1\/wp-content\/uploads\/2025\/05\/kalite-768x515.webp 768w\" sizes=\"(max-width: 906px) 100vw, 906px\" \/>\t\t\t\t\t\t\t\t\t\t\t\t\t\t\t<\/div>\n\t\t\t\t<\/div>\n\t\t\t\t<\/div>\n\t\t<div class=\"elementor-element elementor-element-084d468 e-con-full e-flex e-con e-child\" data-id=\"084d468\" data-element_type=\"container\">\n\t\t\t\t<div class=\"elementor-element elementor-element-61f6ab9 elementor-widget elementor-widget-text-editor\" data-id=\"61f6ab9\" data-element_type=\"widget\" data-widget_type=\"text-editor.default\">\n\t\t\t\t<div class=\"elementor-widget-container\">\n\t\t\t\t\t\t\t\t\t<p><strong>M\u00fc\u015fteri Destek Hizmetleri<\/strong><\/p><p>M\u00fc\u015fterilerimize her a\u015famada destek sunmak i\u00e7in buraday\u0131z. Sorular\u0131n\u0131z\u0131 yan\u0131tlamak ve ihtiya\u00e7lar\u0131n\u0131za en uygun \u00e7\u00f6z\u00fcmleri sunmak i\u00e7in uzman ekibimizle ileti\u015fime ge\u00e7ebilirsiniz. M\u00fc\u015fteri memnuniyetini sa\u011flamak i\u00e7in her zaman yan\u0131n\u0131zday\u0131z.<\/p>\t\t\t\t\t\t\t\t<\/div>\n\t\t\t\t<\/div>\n\t\t\t\t<\/div>\n\t\t\t\t\t<\/div>\n\t\t\t\t<\/div>\n\t\t<div class=\"elementor-element elementor-element-4bc25c1 e-flex e-con-boxed e-con e-parent\" data-id=\"4bc25c1\" data-element_type=\"container\">\n\t\t\t\t\t<div class=\"e-con-inner\">\n\t\t\t\t\t<\/div>\n\t\t\t\t<\/div>\n\t\t\t\t<\/div>\n\t\t","protected":false},"excerpt":{"rendered":"<p>\u00d6zelle\u015ftirilmi\u015f Makine \u00c7\u00f6z\u00fcmleri M\u00fc\u015fterilerimizin ihtiya\u00e7lar\u0131na \u00f6zel olarak tasarlanm\u0131\u015f makine \u00e7\u00f6z\u00fcmleri sunuyoruz. Y\u00fcksek kaliteli malzemeler ve son teknoloji ekipman kullanarak, her projeyi en iyi \u015fekilde ger\u00e7ekle\u015ftirmeyi hedefliyoruz. \u0130ster k\u00fc\u00e7\u00fck ister b\u00fcy\u00fck \u00e7apl\u0131 olsun, ihtiya\u00e7lar\u0131n\u0131za uygun \u00fcr\u00fcnler geli\u015ftirmek i\u00e7in buraday\u0131z. Geli\u015fmi\u015f Teknoloji&hellip;<\/p>\n","protected":false},"author":1,"featured_media":0,"parent":0,"menu_order":0,"comment_status":"closed","ping_status":"closed","template":"","meta":{"footnotes":""},"class_list":["post-22","page","type-page","status-publish","hentry"],"_links":{"self":[{"href":"https:\/\/www.kurtendustriyel.com\/1\/index.php?rest_route=\/wp\/v2\/pages\/22","targetHints":{"allow":["GET"]}}],"collection":[{"href":"https:\/\/www.kurtendustriyel.com\/1\/index.php?rest_route=\/wp\/v2\/pages"}],"about":[{"href":"https:\/\/www.kurtendustriyel.com\/1\/index.php?rest_route=\/wp\/v2\/types\/page"}],"author":[{"embeddable":true,"href":"https:\/\/www.kurtendustriyel.com\/1\/index.php?rest_route=\/wp\/v2\/users\/1"}],"replies":[{"embeddable":true,"href":"https:\/\/www.kurtendustriyel.com\/1\/index.php?rest_route=%2Fwp%2Fv2%2Fcomments&post=22"}],"version-history":[{"count":7,"href":"https:\/\/www.kurtendustriyel.com\/1\/index.php?rest_route=\/wp\/v2\/pages\/22\/revisions"}],"predecessor-version":[{"id":145,"href":"https:\/\/www.kurtendustriyel.com\/1\/index.php?rest_route=\/wp\/v2\/pages\/22\/revisions\/145"}],"wp:attachment":[{"href":"https:\/\/www.kurtendustriyel.com\/1\/index.php?rest_route=%2Fwp%2Fv2%2Fmedia&parent=22"}],"curies":[{"name":"wp","href":"https:\/\/api.w.org\/{rel}","templated":true}]}}