{"id":24,"date":"2025-05-02T07:59:16","date_gmt":"2025-05-02T07:59:16","guid":{"rendered":"https:\/\/www.kurtendustriyel.com\/1\/?page_id=24"},"modified":"2025-05-02T12:38:30","modified_gmt":"2025-05-02T12:38:30","slug":"kurumsal","status":"publish","type":"page","link":"https:\/\/www.kurtendustriyel.com\/1\/?page_id=24","title":{"rendered":"Kurumsal"},"content":{"rendered":"\t\t<div data-elementor-type=\"wp-page\" data-elementor-id=\"24\" class=\"elementor elementor-24\">\n\t\t\t\t<div class=\"elementor-element elementor-element-cbfc3be e-con-full e-flex e-con e-parent\" data-id=\"cbfc3be\" data-element_type=\"container\">\n\t\t<div class=\"elementor-element elementor-element-2036406 e-con-full e-flex e-con e-child\" data-id=\"2036406\" data-element_type=\"container\">\n\t\t\t\t<div class=\"elementor-element elementor-element-a43e529 elementor-invisible elementor-widget elementor-widget-image\" data-id=\"a43e529\" data-element_type=\"widget\" data-settings=\"{&quot;_animation&quot;:&quot;fadeInUp&quot;}\" data-widget_type=\"image.default\">\n\t\t\t\t<div class=\"elementor-widget-container\">\n\t\t\t\t\t\t\t\t\t\t\t\t\t\t\t<img fetchpriority=\"high\" decoding=\"async\" width=\"606\" height=\"387\" src=\"https:\/\/www.kurtendustriyel.com\/1\/wp-content\/uploads\/2025\/05\/onhak.png\" class=\"attachment-medium_large size-medium_large wp-image-106\" alt=\"\" srcset=\"https:\/\/www.kurtendustriyel.com\/1\/wp-content\/uploads\/2025\/05\/onhak.png 606w, https:\/\/www.kurtendustriyel.com\/1\/wp-content\/uploads\/2025\/05\/onhak-300x192.png 300w\" sizes=\"(max-width: 606px) 100vw, 606px\" \/>\t\t\t\t\t\t\t\t\t\t\t\t\t\t\t<\/div>\n\t\t\t\t<\/div>\n\t\t\t\t<\/div>\n\t\t<div class=\"elementor-element elementor-element-1b3b69e e-con-full e-flex e-con e-child\" data-id=\"1b3b69e\" data-element_type=\"container\">\n\t\t\t\t<div class=\"elementor-element elementor-element-e9ec222 elementor-widget elementor-widget-text-editor\" data-id=\"e9ec222\" data-element_type=\"widget\" data-widget_type=\"text-editor.default\">\n\t\t\t\t<div class=\"elementor-widget-container\">\n\t\t\t\t\t\t\t\t\t<p><strong>Tarih\u00e7emiz<\/strong><\/p><p>Kurt End\u00fcstriyel Makine 2018 y\u0131l\u0131nda Bursa&#8217;n\u0131n Gemlik il\u00e7esinde \u00fcretim faaliyetlerine ba\u015flam\u0131\u015ft\u0131r. \u00a0\u00c7ok k\u0131sa s\u00fcre i\u00e7erisinde h\u0131zl\u0131 bir geli\u015fim ivmesi yakalanm\u0131\u015f ve \u00e7e\u015fitli \u00fcretim tesislerine entegre sistemler kurarak ad\u0131ndan s\u00f6z ettirmi\u015ftir.\u00a0<\/p><p>\u00a0Kurt End\u00fcstriyel Makine, y\u00fcksek kaliteli i\u015fleme hizmetleri sunarak end\u00fcstrideki en iyi uygulamalar\u0131 benimsemektedir. Modern makinelerimiz ve uzman ekibimizle, her projede m\u00fckemmellik hedefleyerek faaliyetlerimize devam etmekteyiz.<\/p>\t\t\t\t\t\t\t\t<\/div>\n\t\t\t\t<\/div>\n\t\t\t\t<\/div>\n\t\t\t\t<\/div>\n\t\t<div class=\"elementor-element elementor-element-03f47dd e-flex e-con-boxed e-con e-parent\" data-id=\"03f47dd\" data-element_type=\"container\">\n\t\t\t\t\t<div class=\"e-con-inner\">\n\t\t<div class=\"elementor-element elementor-element-af1eed5 e-con-full e-flex e-con e-child\" data-id=\"af1eed5\" data-element_type=\"container\">\n\t\t\t\t<div class=\"elementor-element elementor-element-8d6dc17 elementor-widget elementor-widget-text-editor\" data-id=\"8d6dc17\" data-element_type=\"widget\" data-widget_type=\"text-editor.default\">\n\t\t\t\t<div class=\"elementor-widget-container\">\n\t\t\t\t\t\t\t\t\t<p><strong>Geli\u015fmi\u015f Teknoloji<\/strong><\/p><p>Modern \u00fcretim tesislerimizde en son teknoloji makineleri kullan\u0131yoruz. Bu, \u00fcretim s\u00fcre\u00e7lerimizi optimize ederken, m\u00fc\u015fterilerimize en iyi \u00fcr\u00fcnleri sunmam\u0131za yard\u0131mc\u0131 oluyor.<\/p>\t\t\t\t\t\t\t\t<\/div>\n\t\t\t\t<\/div>\n\t\t\t\t<\/div>\n\t\t<div class=\"elementor-element elementor-element-aaabc60 e-con-full e-flex e-con e-child\" data-id=\"aaabc60\" data-element_type=\"container\">\n\t\t<div class=\"elementor-element elementor-element-b184416 e-con-full e-flex e-con e-child\" data-id=\"b184416\" data-element_type=\"container\">\n\t\t\t\t<div class=\"elementor-element elementor-element-1a8de27 elementor-invisible elementor-widget elementor-widget-image\" data-id=\"1a8de27\" data-element_type=\"widget\" data-settings=\"{&quot;_animation&quot;:&quot;bounceInLeft&quot;}\" data-widget_type=\"image.default\">\n\t\t\t\t<div class=\"elementor-widget-container\">\n\t\t\t\t\t\t\t\t\t\t\t\t\t\t\t<img decoding=\"async\" width=\"300\" height=\"200\" src=\"https:\/\/www.kurtendustriyel.com\/1\/wp-content\/uploads\/2025\/05\/iso-300x200.jpg\" class=\"attachment-medium size-medium wp-image-21\" alt=\"\" srcset=\"https:\/\/www.kurtendustriyel.com\/1\/wp-content\/uploads\/2025\/05\/iso-300x200.jpg 300w, https:\/\/www.kurtendustriyel.com\/1\/wp-content\/uploads\/2025\/05\/iso-1024x682.jpg 1024w, https:\/\/www.kurtendustriyel.com\/1\/wp-content\/uploads\/2025\/05\/iso-768x511.jpg 768w, https:\/\/www.kurtendustriyel.com\/1\/wp-content\/uploads\/2025\/05\/iso-1536x1023.jpg 1536w, https:\/\/www.kurtendustriyel.com\/1\/wp-content\/uploads\/2025\/05\/iso.jpg 2000w\" sizes=\"(max-width: 300px) 100vw, 300px\" \/>\t\t\t\t\t\t\t\t\t\t\t\t\t\t\t<\/div>\n\t\t\t\t<\/div>\n\t\t\t\t<\/div>\n\t\t\t\t<\/div>\n\t\t\t\t\t<\/div>\n\t\t\t\t<\/div>\n\t\t<div class=\"elementor-element elementor-element-944f103 e-flex e-con-boxed e-con e-parent\" data-id=\"944f103\" data-element_type=\"container\">\n\t\t\t\t\t<div class=\"e-con-inner\">\n\t\t\t\t<div class=\"elementor-element elementor-element-e9c53e0 elementor-widget-divider--view-line elementor-widget elementor-widget-divider\" data-id=\"e9c53e0\" data-element_type=\"widget\" data-widget_type=\"divider.default\">\n\t\t\t\t<div class=\"elementor-widget-container\">\n\t\t\t\t\t\t\t<div class=\"elementor-divider\">\n\t\t\t<span class=\"elementor-divider-separator\">\n\t\t\t\t\t\t<\/span>\n\t\t<\/div>\n\t\t\t\t\t\t<\/div>\n\t\t\t\t<\/div>\n\t\t\t\t\t<\/div>\n\t\t\t\t<\/div>\n\t\t<div class=\"elementor-element elementor-element-19c0dfc e-flex e-con-boxed e-con e-parent\" data-id=\"19c0dfc\" data-element_type=\"container\">\n\t\t\t\t\t<div class=\"e-con-inner\">\n\t\t<div class=\"elementor-element elementor-element-8d8c807 e-con-full e-flex e-con e-child\" data-id=\"8d8c807\" data-element_type=\"container\">\n\t\t\t\t<div class=\"elementor-element elementor-element-11ac669 elementor-widget elementor-widget-text-editor\" data-id=\"11ac669\" data-element_type=\"widget\" data-widget_type=\"text-editor.default\">\n\t\t\t\t<div class=\"elementor-widget-container\">\n\t\t\t\t\t\t\t\t\t<p><strong>Uzman Kadro<\/strong><\/p><p>Kurt End\u00fcstriyel Makine , alan\u0131nda deneyimli m\u00fchendisler ve teknisyenler ile \u00e7al\u0131\u015fmaktad\u0131r. Ekibimiz, her projede en y\u00fcksek standartlar\u0131 sa\u011flamak i\u00e7in s\u00fcrekli e\u011fitim almaktad\u0131r.<\/p>\t\t\t\t\t\t\t\t<\/div>\n\t\t\t\t<\/div>\n\t\t\t\t<\/div>\n\t\t<div class=\"elementor-element elementor-element-2ae1257 e-con-full e-flex e-con e-child\" data-id=\"2ae1257\" data-element_type=\"container\">\n\t\t\t\t<div class=\"elementor-element elementor-element-bcd7066 elementor-invisible elementor-widget elementor-widget-image\" data-id=\"bcd7066\" data-element_type=\"widget\" data-settings=\"{&quot;_animation&quot;:&quot;rotateInDownLeft&quot;}\" data-widget_type=\"image.default\">\n\t\t\t\t<div class=\"elementor-widget-container\">\n\t\t\t\t\t\t\t\t\t\t\t\t\t\t\t<img decoding=\"async\" width=\"300\" height=\"198\" src=\"https:\/\/www.kurtendustriyel.com\/1\/wp-content\/uploads\/2025\/05\/13-300x198.jpeg\" class=\"attachment-medium size-medium wp-image-18\" alt=\"\" srcset=\"https:\/\/www.kurtendustriyel.com\/1\/wp-content\/uploads\/2025\/05\/13-300x198.jpeg 300w, https:\/\/www.kurtendustriyel.com\/1\/wp-content\/uploads\/2025\/05\/13-1024x674.jpeg 1024w, https:\/\/www.kurtendustriyel.com\/1\/wp-content\/uploads\/2025\/05\/13-768x506.jpeg 768w, https:\/\/www.kurtendustriyel.com\/1\/wp-content\/uploads\/2025\/05\/13-1536x1011.jpeg 1536w, https:\/\/www.kurtendustriyel.com\/1\/wp-content\/uploads\/2025\/05\/13.jpeg 1920w\" sizes=\"(max-width: 300px) 100vw, 300px\" \/>\t\t\t\t\t\t\t\t\t\t\t\t\t\t\t<\/div>\n\t\t\t\t<\/div>\n\t\t\t\t<\/div>\n\t\t<div class=\"elementor-element elementor-element-10ff456 e-con-full e-flex e-con e-child\" data-id=\"10ff456\" data-element_type=\"container\">\n\t\t\t\t<div class=\"elementor-element elementor-element-5bb9d0c elementor-widget elementor-widget-text-editor\" data-id=\"5bb9d0c\" data-element_type=\"widget\" data-widget_type=\"text-editor.default\">\n\t\t\t\t<div class=\"elementor-widget-container\">\n\t\t\t\t\t\t\t\t\t<p><strong>M\u00fckemmeliyet\u00e7ilik \u0130lkesi<\/strong><\/p><p>Kurt End\u00fcstriyel Makine, y\u00fcksek kaliteli makine par\u00e7alar\u0131 \u00fcretiminde m\u00fckemmeliyet\u00e7ilik ilkesine ba\u011fl\u0131d\u0131r. \u00dcr\u00fcnlerimiz, dayan\u0131kl\u0131l\u0131k ve hassasiyet standartlar\u0131n\u0131 en \u00fcst d\u00fczeye \u00e7\u0131karmak i\u00e7in titizlikle tasarlanm\u0131\u015ft\u0131r.<\/p>\t\t\t\t\t\t\t\t<\/div>\n\t\t\t\t<\/div>\n\t\t\t\t<div class=\"elementor-element elementor-element-82bcc26 elementor-invisible elementor-widget elementor-widget-image\" data-id=\"82bcc26\" data-element_type=\"widget\" data-settings=\"{&quot;_animation&quot;:&quot;swing&quot;}\" data-widget_type=\"image.default\">\n\t\t\t\t<div class=\"elementor-widget-container\">\n\t\t\t\t\t\t\t\t\t\t\t\t\t\t\t<img loading=\"lazy\" decoding=\"async\" width=\"300\" height=\"200\" src=\"https:\/\/www.kurtendustriyel.com\/1\/wp-content\/uploads\/2025\/05\/12-300x200.jpeg\" class=\"attachment-medium size-medium wp-image-17\" alt=\"\" srcset=\"https:\/\/www.kurtendustriyel.com\/1\/wp-content\/uploads\/2025\/05\/12-300x200.jpeg 300w, https:\/\/www.kurtendustriyel.com\/1\/wp-content\/uploads\/2025\/05\/12-1024x682.jpeg 1024w, https:\/\/www.kurtendustriyel.com\/1\/wp-content\/uploads\/2025\/05\/12-768x511.jpeg 768w, https:\/\/www.kurtendustriyel.com\/1\/wp-content\/uploads\/2025\/05\/12-1536x1022.jpeg 1536w, https:\/\/www.kurtendustriyel.com\/1\/wp-content\/uploads\/2025\/05\/12.jpeg 1920w\" sizes=\"(max-width: 300px) 100vw, 300px\" \/>\t\t\t\t\t\t\t\t\t\t\t\t\t\t\t<\/div>\n\t\t\t\t<\/div>\n\t\t\t\t<\/div>\n\t\t\t\t\t<\/div>\n\t\t\t\t<\/div>\n\t\t<div class=\"elementor-element elementor-element-c81483f e-flex e-con-boxed e-con e-parent\" data-id=\"c81483f\" data-element_type=\"container\">\n\t\t\t\t\t<div class=\"e-con-inner\">\n\t\t\t\t\t<\/div>\n\t\t\t\t<\/div>\n\t\t<div class=\"elementor-element elementor-element-514a66b e-flex e-con-boxed e-con e-parent\" data-id=\"514a66b\" data-element_type=\"container\">\n\t\t\t\t\t<div class=\"e-con-inner\">\n\t\t\t\t<div class=\"elementor-element elementor-element-312a8ac elementor-widget-divider--view-line elementor-widget elementor-widget-divider\" data-id=\"312a8ac\" data-element_type=\"widget\" data-widget_type=\"divider.default\">\n\t\t\t\t<div class=\"elementor-widget-container\">\n\t\t\t\t\t\t\t<div class=\"elementor-divider\">\n\t\t\t<span class=\"elementor-divider-separator\">\n\t\t\t\t\t\t<\/span>\n\t\t<\/div>\n\t\t\t\t\t\t<\/div>\n\t\t\t\t<\/div>\n\t\t\t\t\t<\/div>\n\t\t\t\t<\/div>\n\t\t\t\t<\/div>\n\t\t","protected":false},"excerpt":{"rendered":"<p>Tarih\u00e7emiz Kurt End\u00fcstriyel Makine 2018 y\u0131l\u0131nda Bursa&#8217;n\u0131n Gemlik il\u00e7esinde \u00fcretim faaliyetlerine ba\u015flam\u0131\u015ft\u0131r. \u00a0\u00c7ok k\u0131sa s\u00fcre i\u00e7erisinde h\u0131zl\u0131 bir geli\u015fim ivmesi yakalanm\u0131\u015f ve \u00e7e\u015fitli \u00fcretim tesislerine entegre sistemler kurarak ad\u0131ndan s\u00f6z ettirmi\u015ftir.\u00a0 \u00a0Kurt End\u00fcstriyel Makine, y\u00fcksek kaliteli i\u015fleme hizmetleri sunarak end\u00fcstrideki&hellip;<\/p>\n","protected":false},"author":1,"featured_media":0,"parent":0,"menu_order":0,"comment_status":"closed","ping_status":"closed","template":"","meta":{"footnotes":""},"class_list":["post-24","page","type-page","status-publish","hentry"],"_links":{"self":[{"href":"https:\/\/www.kurtendustriyel.com\/1\/index.php?rest_route=\/wp\/v2\/pages\/24","targetHints":{"allow":["GET"]}}],"collection":[{"href":"https:\/\/www.kurtendustriyel.com\/1\/index.php?rest_route=\/wp\/v2\/pages"}],"about":[{"href":"https:\/\/www.kurtendustriyel.com\/1\/index.php?rest_route=\/wp\/v2\/types\/page"}],"author":[{"embeddable":true,"href":"https:\/\/www.kurtendustriyel.com\/1\/index.php?rest_route=\/wp\/v2\/users\/1"}],"replies":[{"embeddable":true,"href":"https:\/\/www.kurtendustriyel.com\/1\/index.php?rest_route=%2Fwp%2Fv2%2Fcomments&post=24"}],"version-history":[{"count":22,"href":"https:\/\/www.kurtendustriyel.com\/1\/index.php?rest_route=\/wp\/v2\/pages\/24\/revisions"}],"predecessor-version":[{"id":123,"href":"https:\/\/www.kurtendustriyel.com\/1\/index.php?rest_route=\/wp\/v2\/pages\/24\/revisions\/123"}],"wp:attachment":[{"href":"https:\/\/www.kurtendustriyel.com\/1\/index.php?rest_route=%2Fwp%2Fv2%2Fmedia&parent=24"}],"curies":[{"name":"wp","href":"https:\/\/api.w.org\/{rel}","templated":true}]}}